{"id":2292,"date":"2026-01-13T14:47:41","date_gmt":"2026-01-13T11:47:41","guid":{"rendered":"https:\/\/www.anna-assistance.lv\/?post_type=product&#038;p=2292"},"modified":"2026-04-02T17:32:29","modified_gmt":"2026-04-02T14:32:29","slug":"biomasas-apkures-sistema-500-990kw","status":"publish","type":"product","link":"https:\/\/www.anna-assistance.lv\/en\/product\/biomasas-apkures-sistema-500-990kw\/","title":{"rendered":"Modular Biomass Boiler Houses L\/D (500\u2013990 kW)"},"content":{"rendered":"<p data-start=\"242\" data-end=\"528\">Modu\u013cveida biomasas katlum\u0101jas ar jaudu no 500 l\u012bdz 990 kW ir piln\u012bb\u0101 integr\u0113ti siltuma ra\u017eo\u0161anas risin\u0101jumi, kas paredz\u0113ti lieliem objektiem un industri\u0101lai lieto\u0161anai. T\u0101s nodro\u0161ina stabilu, ekonomisku un videi draudz\u012bgu apkuri, izmantojot biomasas kurin\u0101mo, piem\u0113ram, koksnes \u0161\u0137eldu.<\/p>\n<p data-start=\"530\" data-end=\"797\">Ala-Talkkari modu\u013cveida biomasas katlum\u0101jas ir izstr\u0101d\u0101tas k\u0101 gatavi risin\u0101jumi, kas ietver visas nepiecie\u0161am\u0101s komponentes \u2013 katlu, deg\u013ca sist\u0113mu, kurin\u0101m\u0101 padevi un vad\u012bbas sist\u0113mu. Tas \u013cauj \u0101tri uzst\u0101d\u012bt un uzs\u0101kt ekspluat\u0101ciju bez sare\u017e\u0123\u012btiem b\u016bvniec\u012bbas darbiem.<\/p>\n<p data-start=\"799\" data-end=\"1011\">\u0160\u012bs katlum\u0101jas nodro\u0161ina autom\u0101tisku darb\u012bbu, stabilu siltuma ra\u017eo\u0161anu un augstu energoefektivit\u0101ti. T\u0101s ir piem\u0113rotas objektiem ar lielu siltumener\u0123ijas pat\u0113ri\u0146u, kur svar\u012bga ir nep\u0101rtraukta un uzticama darb\u012bba.<\/p>\n<hr data-start=\"1013\" data-end=\"1043\" \/>\n<p data-start=\"1045\" data-end=\"1064\">Key Features<\/p>\n<p data-start=\"1066\" data-end=\"1264\">\u2022 Jaudas diapazons: 500 \u2013 990 kW<br data-start=\"1098\" data-end=\"1101\" \/>\u2022 Piln\u012bb\u0101 integr\u0113ta modu\u013cveida sist\u0113ma<br data-start=\"1139\" data-end=\"1142\" \/>\u2022 Automatic fuel feeding<br data-start=\"1171\" data-end=\"1174\" \/>\u2022 Stable and continuous operation<br data-start=\"1207\" data-end=\"1210\" \/>\u2022 High energy efficiency<br data-start=\"1237\" data-end=\"1240\" \/>\u2022 Low emission levels<\/p>\n<hr data-start=\"1266\" data-end=\"1296\" \/>\n<p data-start=\"1298\" data-end=\"1312\">Applications<\/p>\n<p data-start=\"1314\" data-end=\"1439\">\u2022 Industrial facilities<br data-start=\"1336\" data-end=\"1339\" \/>\u2022 Lauksaimniec\u012bbas kompleksi<br data-start=\"1367\" data-end=\"1370\" \/>\u2022 Greenhouses<br data-start=\"1383\" data-end=\"1386\" \/>\u2022 Ra\u017eo\u0161anas \u0113kas<br data-start=\"1402\" data-end=\"1405\" \/>\u2022 District heating systems<\/p>\n<hr data-start=\"1441\" data-end=\"1471\" \/>\n<p data-start=\"1473\" data-end=\"1488\">Advantages<\/p>\n<p data-start=\"1490\" data-end=\"1700\">\u2022 Piln\u012bb\u0101 gatavs risin\u0101jums \u0101trai uzst\u0101d\u012b\u0161anai<br data-start=\"1536\" data-end=\"1539\" \/>\u2022 High heat production efficiency<br data-start=\"1578\" data-end=\"1581\" \/>\u2022 Automatiz\u0113ta darb\u012bba un minim\u0101la apkope<br data-start=\"1622\" data-end=\"1625\" \/>\u2022 Pieejamas pelnu iz\u0146em\u0161anas sist\u0113mas<br data-start=\"1662\" data-end=\"1665\" \/>\u2022 Atbilst m\u016bsdienu vides pras\u012bb\u0101m<\/p>\n<hr data-start=\"1702\" data-end=\"1732\" \/>\n<p data-start=\"1734\" data-end=\"1903\">Modu\u013cveida biomasas katlum\u0101jas 500\u2013990 kW ir uzticams un efekt\u012bvs risin\u0101jums lielu objektu apkurei, nodro\u0161inot stabilu siltuma ra\u017eo\u0161anu un ekonomisku darb\u012bbu ilgtermi\u0146\u0101.<\/p>","protected":false},"excerpt":{"rendered":"<p data-start=\"1955\" data-end=\"2094\">Modu\u013cveida biomasas katlum\u0101jas 500\u2013990 kW nodro\u0161ina efekt\u012bvu un automatiz\u0113tu apkuri ar \u0161\u0137eldu lieliem objektiem un industri\u0101l\u0101m vajadz\u012bb\u0101m.<\/p>","protected":false},"featured_media":2293,"template":"","meta":{"site-sidebar-layout":"default","site-content-layout":"","ast-site-content-layout":"default","site-content-style":"default","site-sidebar-style":"default","ast-global-header-display":"","ast-banner-title-visibility":"","ast-main-header-display":"","ast-hfb-above-header-display":"","ast-hfb-below-header-display":"","ast-hfb-mobile-header-display":"","site-post-title":"","ast-breadcrumbs-content":"","ast-featured-img":"","footer-sml-layout":"","theme-transparent-header-meta":"default","adv-header-id-meta":"","stick-header-meta":"","header-above-stick-meta":"","header-main-stick-meta":"","header-below-stick-meta":"","astra-migrate-meta-layouts":"set","ast-page-background-enabled":"default","ast-page-background-meta":{"desktop":{"background-color":"","background-image":"","background-repeat":"repeat","background-position":"center center","background-size":"auto","background-attachment":"scroll","background-type":"","background-media":"","overlay-type":"","overlay-color":"","overlay-opacity":"","overlay-gradient":""},"tablet":{"background-color":"","background-image":"","background-repeat":"repeat","background-position":"center center","background-size":"auto","background-attachment":"scroll","background-type":"","background-media":"","overlay-type":"","overlay-color":"","overlay-opacity":"","overlay-gradient":""},"mobile":{"background-color":"","background-image":"","background-repeat":"repeat","background-position":"center center","background-size":"auto","background-attachment":"scroll","background-type":"","background-media":"","overlay-type":"","overlay-color":"","overlay-opacity":"","overlay-gradient":""}},"ast-content-background-meta":{"desktop":{"background-color":"var(--ast-global-color-5)","background-image":"","background-repeat":"repeat","background-position":"center center","background-size":"auto","background-attachment":"scroll","background-type":"","background-media":"","overlay-type":"","overlay-color":"","overlay-opacity":"","overlay-gradient":""},"tablet":{"background-color":"var(--ast-global-color-5)","background-image":"","background-repeat":"repeat","background-position":"center center","background-size":"auto","background-attachment":"scroll","background-type":"","background-media":"","overlay-type":"","overlay-color":"","overlay-opacity":"","overlay-gradient":""},"mobile":{"background-color":"var(--ast-global-color-5)","background-image":"","background-repeat":"repeat","background-position":"center center","background-size":"auto","background-attachment":"scroll","background-type":"","background-media":"","overlay-type":"","overlay-color":"","overlay-opacity":"","overlay-gradient":""}}},"product_brand":[34],"product_cat":[51,62],"product_tag":[170,198,196,199,200],"class_list":{"0":"post-2292","1":"product","2":"type-product","3":"status-publish","4":"has-post-thumbnail","6":"product_brand-ala-talkkari","7":"product_cat-apkures-sistemas","8":"product_cat-modulveida-biomasas-katlumajas","9":"product_tag-biomasas-apkure","10":"product_tag-biomasas-katlumaja","11":"product_tag-industriala-apkure","12":"product_tag-modulveida-katlumaja","13":"product_tag-skeldas-apkure","14":"desktop-align-center","15":"tablet-align-center","16":"mobile-align-center","18":"first","19":"instock","20":"shipping-taxable","21":"product-type-simple"},"_links":{"self":[{"href":"https:\/\/www.anna-assistance.lv\/en\/wp-json\/wp\/v2\/product\/2292","targetHints":{"allow":["GET"]}}],"collection":[{"href":"https:\/\/www.anna-assistance.lv\/en\/wp-json\/wp\/v2\/product"}],"about":[{"href":"https:\/\/www.anna-assistance.lv\/en\/wp-json\/wp\/v2\/types\/product"}],"version-history":[{"count":7,"href":"https:\/\/www.anna-assistance.lv\/en\/wp-json\/wp\/v2\/product\/2292\/revisions"}],"predecessor-version":[{"id":3295,"href":"https:\/\/www.anna-assistance.lv\/en\/wp-json\/wp\/v2\/product\/2292\/revisions\/3295"}],"wp:featuredmedia":[{"embeddable":true,"href":"https:\/\/www.anna-assistance.lv\/en\/wp-json\/wp\/v2\/media\/2293"}],"wp:attachment":[{"href":"https:\/\/www.anna-assistance.lv\/en\/wp-json\/wp\/v2\/media?parent=2292"}],"wp:term":[{"taxonomy":"product_brand","embeddable":true,"href":"https:\/\/www.anna-assistance.lv\/en\/wp-json\/wp\/v2\/product_brand?post=2292"},{"taxonomy":"product_cat","embeddable":true,"href":"https:\/\/www.anna-assistance.lv\/en\/wp-json\/wp\/v2\/product_cat?post=2292"},{"taxonomy":"product_tag","embeddable":true,"href":"https:\/\/www.anna-assistance.lv\/en\/wp-json\/wp\/v2\/product_tag?post=2292"}],"curies":[{"name":"wp","href":"https:\/\/api.w.org\/{rel}","templated":true}]}}