{"id":2287,"date":"2026-01-12T14:03:16","date_gmt":"2026-01-12T11:03:16","guid":{"rendered":"https:\/\/www.anna-assistance.lv\/?post_type=product&#038;p=2287"},"modified":"2026-04-15T11:56:32","modified_gmt":"2026-04-15T08:56:32","slug":"biomasas-apkures-sistema-150-500kw","status":"publish","type":"product","link":"https:\/\/www.anna-assistance.lv\/en\/product\/biomasas-apkures-sistema-150-500kw\/","title":{"rendered":"Modular Biomass Boiler Houses M (150\u2013500 kW)"},"content":{"rendered":"<p data-start=\"66\" data-end=\"903\">Modu\u013cveida biomasas katlum\u0101jas ar jaudu 150\u2013500 kW ir jaud\u012bgs un efekt\u012bvs apkures risin\u0101jums vid\u0113ja un liel\u0101ka izm\u0113ra objektiem, kur nepiecie\u0161ama stabila, ekonomiska un videi draudz\u012bga siltuma ra\u017eo\u0161ana. \u0160\u012bs sist\u0113mas ir piem\u0113rotas r\u016bpniec\u012bbas \u0113k\u0101m, komerctelp\u0101m un lauksaimniec\u012bbas objektiem, nodro\u0161inot nep\u0101rtrauktu darb\u012bbu un optim\u0101lu siltuma padevi. Ala-Talkkari modu\u013cveida katlum\u0101jas ir piln\u012bb\u0101 integr\u0113ti risin\u0101jumi, kas ietver katlu, deg\u013ca sist\u0113mu, kurin\u0101m\u0101 padevi un automatiz\u0113tu vad\u012bbu vien\u0101 sist\u0113m\u0101. Tas \u013cauj \u0101tri uzst\u0101d\u012bt un uzs\u0101kt ekspluat\u0101ciju bez sare\u017e\u0123\u012btas infrastrukt\u016bras izb\u016bves. Sist\u0113mas darbojas ar da\u017e\u0101diem biomasas kurin\u0101m\u0101 veidiem, piem\u0113ram, \u0161\u0137eldu, koksnes granul\u0101m, z\u0101\u0123u skaid\u0101m un graudu atbir\u0101m. Automatiz\u0113t\u0101 vad\u012bbas sist\u0113ma nodro\u0161ina optim\u0101lu kurin\u0101m\u0101 izmanto\u0161anu un piel\u0101go siltuma ra\u017eo\u0161anu atbilsto\u0161i pat\u0113ri\u0146am.<\/p>\n<hr data-start=\"905\" data-end=\"908\" \/>\n<p data-start=\"910\" data-end=\"1180\">Key Features<br data-start=\"927\" data-end=\"930\" \/>\u2022 Jaudas diapazons: 150 \u2013 500 kW<br data-start=\"962\" data-end=\"965\" \/>\u2022 Pieejam\u0101s jaudas: 150 \/ 220 \/ 300 \/ 400 \/ 500 kW<br data-start=\"1015\" data-end=\"1018\" \/>\u2022 Modu\u013cveida konstrukcija<br data-start=\"1043\" data-end=\"1046\" \/>\u2022 Automatic fuel feeding<br data-start=\"1075\" data-end=\"1078\" \/>\u2022 Piem\u0113rota da\u017e\u0101diem biomasas kurin\u0101majiem<br data-start=\"1120\" data-end=\"1123\" \/>\u2022 Automated control system<br data-start=\"1153\" data-end=\"1156\" \/>\u2022 Low emission levels<\/p>\n<hr data-start=\"1182\" data-end=\"1185\" \/>\n<p data-start=\"1187\" data-end=\"1340\">Applications<br data-start=\"1199\" data-end=\"1202\" \/>\u2022 R\u016bpniec\u012bbas objekti<br data-start=\"1223\" data-end=\"1226\" \/>\u2022 Vid\u0113ja izm\u0113ra komerctelpas<br data-start=\"1254\" data-end=\"1257\" \/>\u2022 Agricultural farms<br data-start=\"1288\" data-end=\"1291\" \/>\u2022 Noliktavas un darbn\u012bcas<br data-start=\"1316\" data-end=\"1319\" \/>\u2022 Sabiedrisk\u0101s \u0113kas<\/p>\n<hr data-start=\"1342\" data-end=\"1345\" \/>\n<p data-start=\"1347\" data-end=\"1562\">Advantages<br data-start=\"1360\" data-end=\"1363\" \/>\u2022 High heat production efficiency<br data-start=\"1402\" data-end=\"1405\" \/>\u2022 Stabils darb\u012bbas re\u017e\u012bms<br data-start=\"1430\" data-end=\"1433\" \/>\u2022 Elast\u012bgas kurin\u0101m\u0101 padeves iesp\u0113jas<br data-start=\"1470\" data-end=\"1473\" \/>\u2022 Automatiz\u0113ta darb\u012bba<br data-start=\"1495\" data-end=\"1498\" \/>\u2022 Low operating costs<br data-start=\"1529\" data-end=\"1532\" \/>\u2022 Videi draudz\u012bgs risin\u0101jums<\/p>\n<hr data-start=\"1564\" data-end=\"1567\" \/>\n<p data-start=\"1569\" data-end=\"1757\" data-is-last-node=\"\" data-is-only-node=\"\">Modu\u013cveida biomasas katlum\u0101jas 150\u2013500 kW ir uzticams un ekonomisks apkures risin\u0101jums, kas nodro\u0161ina stabilu siltuma ra\u017eo\u0161anu un vienk\u0101r\u0161u ekspluat\u0101ciju vid\u0113ja un liel\u0101ka izm\u0113ra objektos.<\/p>","protected":false},"excerpt":{"rendered":"<p>Modu\u013cveida biomasas katlum\u0101jas 150\u2013500 kW nodro\u0161ina efekt\u012bvu un automatiz\u0113tu apkuri vid\u0113ja un liela izm\u0113ra objektiem. Piem\u0113rotas \u0161\u0137eldai, granul\u0101m un citiem biomasas kurin\u0101majiem ar stabilu un ekonomisku darb\u012bbu.<\/p>","protected":false},"featured_media":3214,"template":"","meta":{"site-sidebar-layout":"default","site-content-layout":"","ast-site-content-layout":"default","site-content-style":"default","site-sidebar-style":"default","ast-global-header-display":"","ast-banner-title-visibility":"","ast-main-header-display":"","ast-hfb-above-header-display":"","ast-hfb-below-header-display":"","ast-hfb-mobile-header-display":"","site-post-title":"","ast-breadcrumbs-content":"","ast-featured-img":"","footer-sml-layout":"","theme-transparent-header-meta":"default","adv-header-id-meta":"","stick-header-meta":"","header-above-stick-meta":"","header-main-stick-meta":"","header-below-stick-meta":"","astra-migrate-meta-layouts":"set","ast-page-background-enabled":"default","ast-page-background-meta":{"desktop":{"background-color":"","background-image":"","background-repeat":"repeat","background-position":"center center","background-size":"auto","background-attachment":"scroll","background-type":"","background-media":"","overlay-type":"","overlay-color":"","overlay-opacity":"","overlay-gradient":""},"tablet":{"background-color":"","background-image":"","background-repeat":"repeat","background-position":"center center","background-size":"auto","background-attachment":"scroll","background-type":"","background-media":"","overlay-type":"","overlay-color":"","overlay-opacity":"","overlay-gradient":""},"mobile":{"background-color":"","background-image":"","background-repeat":"repeat","background-position":"center center","background-size":"auto","background-attachment":"scroll","background-type":"","background-media":"","overlay-type":"","overlay-color":"","overlay-opacity":"","overlay-gradient":""}},"ast-content-background-meta":{"desktop":{"background-color":"var(--ast-global-color-5)","background-image":"","background-repeat":"repeat","background-position":"center center","background-size":"auto","background-attachment":"scroll","background-type":"","background-media":"","overlay-type":"","overlay-color":"","overlay-opacity":"","overlay-gradient":""},"tablet":{"background-color":"var(--ast-global-color-5)","background-image":"","background-repeat":"repeat","background-position":"center center","background-size":"auto","background-attachment":"scroll","background-type":"","background-media":"","overlay-type":"","overlay-color":"","overlay-opacity":"","overlay-gradient":""},"mobile":{"background-color":"var(--ast-global-color-5)","background-image":"","background-repeat":"repeat","background-position":"center center","background-size":"auto","background-attachment":"scroll","background-type":"","background-media":"","overlay-type":"","overlay-color":"","overlay-opacity":"","overlay-gradient":""}}},"product_brand":[34],"product_cat":[51,62],"product_tag":[192,203,170,198,202,196,200,194],"class_list":{"0":"post-2287","1":"product","2":"type-product","3":"status-publish","4":"has-post-thumbnail","6":"product_brand-ala-talkkari","7":"product_cat-apkures-sistemas","8":"product_cat-modulveida-biomasas-katlumajas","9":"product_tag-apkures-sistema","10":"product_tag-automatizeta-apkure","11":"product_tag-biomasas-apkure","12":"product_tag-biomasas-katlumaja","13":"product_tag-granulu-katls","14":"product_tag-industriala-apkure","15":"product_tag-skeldas-apkure","16":"product_tag-skeldas-katls","17":"desktop-align-center","18":"tablet-align-center","19":"mobile-align-center","21":"first","22":"instock","23":"shipping-taxable","24":"product-type-simple"},"_links":{"self":[{"href":"https:\/\/www.anna-assistance.lv\/en\/wp-json\/wp\/v2\/product\/2287","targetHints":{"allow":["GET"]}}],"collection":[{"href":"https:\/\/www.anna-assistance.lv\/en\/wp-json\/wp\/v2\/product"}],"about":[{"href":"https:\/\/www.anna-assistance.lv\/en\/wp-json\/wp\/v2\/types\/product"}],"version-history":[{"count":8,"href":"https:\/\/www.anna-assistance.lv\/en\/wp-json\/wp\/v2\/product\/2287\/revisions"}],"predecessor-version":[{"id":3300,"href":"https:\/\/www.anna-assistance.lv\/en\/wp-json\/wp\/v2\/product\/2287\/revisions\/3300"}],"wp:featuredmedia":[{"embeddable":true,"href":"https:\/\/www.anna-assistance.lv\/en\/wp-json\/wp\/v2\/media\/3214"}],"wp:attachment":[{"href":"https:\/\/www.anna-assistance.lv\/en\/wp-json\/wp\/v2\/media?parent=2287"}],"wp:term":[{"taxonomy":"product_brand","embeddable":true,"href":"https:\/\/www.anna-assistance.lv\/en\/wp-json\/wp\/v2\/product_brand?post=2287"},{"taxonomy":"product_cat","embeddable":true,"href":"https:\/\/www.anna-assistance.lv\/en\/wp-json\/wp\/v2\/product_cat?post=2287"},{"taxonomy":"product_tag","embeddable":true,"href":"https:\/\/www.anna-assistance.lv\/en\/wp-json\/wp\/v2\/product_tag?post=2287"}],"curies":[{"name":"wp","href":"https:\/\/api.w.org\/{rel}","templated":true}]}}