{"id":1966,"date":"2025-08-18T15:57:52","date_gmt":"2025-08-18T12:57:52","guid":{"rendered":"https:\/\/www.anna-assistance.lv\/?post_type=product&#038;p=1966"},"modified":"2026-04-15T12:52:21","modified_gmt":"2026-04-15T09:52:21","slug":"tvertnes-militariem-objektiem","status":"publish","type":"product","link":"https:\/\/www.anna-assistance.lv\/en\/product\/tvertnes-militariem-objektiem\/","title":{"rendered":"Fuel Tanks for Military Facilities"},"content":{"rendered":"<p data-start=\"46\" data-end=\"666\">Tvertnes milit\u0101riem objektiem ir specializ\u0113ti risin\u0101jumi dro\u0161ai un efekt\u012bvai degvielas uzglab\u0101\u0161anai un p\u0101rvieto\u0161anai sare\u017e\u0123\u012btos un intens\u012bvos apst\u0101k\u013cos. \u0160\u012bs tvertnes ir izstr\u0101d\u0101tas darbam milit\u0101raj\u0101s nometn\u0113s, oper\u0101ciju zon\u0101s un att\u0101l\u0101s teritorij\u0101s, kur nepiecie\u0161ama augsta iztur\u012bba, mobilit\u0101te un uzticam\u012bba. T\u0101s nodro\u0161ina dro\u0161u d\u012bze\u013cdegvielas, benz\u012bna un avi\u0101cijas degvielas uzglab\u0101\u0161anu, vienlaikus atbilstot stingriem starptautiskajiem dro\u0161\u012bbas standartiem. Pieejamas gan stacion\u0101r\u0101s, gan p\u0101rvietojam\u0101s konfigur\u0101cij\u0101s, tostarp konteineriz\u0113tos risin\u0101jumos, kas \u013cauj \u0101tri uzst\u0101d\u012bt un izmantot sist\u0113mu da\u017e\u0101dos apst\u0101k\u013cos.<\/p>\n<hr data-start=\"668\" data-end=\"671\" \/>\n<p data-start=\"673\" data-end=\"953\">Key Features<br data-start=\"690\" data-end=\"693\" \/>\u2022 Tilpums: 500 \u2013 100 000 litri<br data-start=\"723\" data-end=\"726\" \/>\u2022 Pieejamas stacion\u0101r\u0101s un mobil\u0101s tvertnes<br data-start=\"769\" data-end=\"772\" \/>\u2022 Konteineriz\u0113ti risin\u0101jumi \u0101trai izvieto\u0161anai<br data-start=\"818\" data-end=\"821\" \/>\u2022 Iztur\u012bga konstrukcija skarbiem apst\u0101k\u013ciem<br data-start=\"864\" data-end=\"867\" \/>\u2022 Piem\u0113rotas da\u017e\u0101diem degvielas veidiem<br data-start=\"906\" data-end=\"909\" \/>\u2022 Integr\u0113tas uzpildes un dro\u0161\u012bbas sist\u0113mas<\/p>\n<hr data-start=\"955\" data-end=\"958\" \/>\n<p data-start=\"960\" data-end=\"1147\">Applications<br data-start=\"972\" data-end=\"975\" \/>\u2022 Milit\u0101r\u0101s nometnes<br data-start=\"995\" data-end=\"998\" \/>\u2022 Miera uztur\u0113\u0161anas oper\u0101cijas<br data-start=\"1028\" data-end=\"1031\" \/>\u2022 Att\u0101las un gr\u016bti pieejamas teritorijas<br data-start=\"1071\" data-end=\"1074\" \/>\u2022 \u0100tr\u0101s izvieto\u0161anas scen\u0101riji<br data-start=\"1104\" data-end=\"1107\" \/>\u2022 Industri\u0101lie un strat\u0113\u0123iskie objekti<\/p>\n<hr data-start=\"1149\" data-end=\"1152\" \/>\n<p data-start=\"1154\" data-end=\"1438\">Advantages<br data-start=\"1167\" data-end=\"1170\" \/>\u2022 Augsta iztur\u012bba un dro\u0161\u012bba ekstrem\u0101los apst\u0101k\u013cos<br data-start=\"1220\" data-end=\"1223\" \/>\u2022 \u0100tra uzst\u0101d\u012b\u0161ana un mobilit\u0101te<br data-start=\"1255\" data-end=\"1258\" \/>\u2022 Dro\u0161a degvielas uzglab\u0101\u0161ana un p\u0101rvald\u012bba<br data-start=\"1301\" data-end=\"1304\" \/>\u2022 Flexible configuration for different needs<br data-start=\"1347\" data-end=\"1350\" \/>\u2022 Samazin\u0101ts nopl\u016b\u017eu un vides risks<br data-start=\"1385\" data-end=\"1388\" \/>\u2022 Piem\u0113rotas ilgtermi\u0146a un intens\u012bvai lieto\u0161anai<\/p>\n<hr data-start=\"1440\" data-end=\"1443\" \/>\n<p data-start=\"1445\" data-end=\"1636\">Tvertnes milit\u0101riem objektiem nodro\u0161ina uzticamu un dro\u0161u degvielas uzglab\u0101\u0161anu un pieg\u0101di, padarot t\u0101s par b\u016btisku risin\u0101jumu oper\u0101cij\u0101m, kur svar\u012bga ir mobilit\u0101te, iztur\u012bba un efektivit\u0101te.<\/p>","protected":false},"excerpt":{"rendered":"<p>Tvertnes milit\u0101riem objektiem dro\u0161ai degvielas uzglab\u0101\u0161anai un p\u0101rvieto\u0161anai. Piem\u0113rotas ekstrem\u0101liem apst\u0101k\u013ciem un \u0101trai izvieto\u0161anai.<\/p>","protected":false},"featured_media":1967,"template":"","meta":{"site-sidebar-layout":"default","site-content-layout":"","ast-site-content-layout":"default","site-content-style":"default","site-sidebar-style":"default","ast-global-header-display":"","ast-banner-title-visibility":"","ast-main-header-display":"","ast-hfb-above-header-display":"","ast-hfb-below-header-display":"","ast-hfb-mobile-header-display":"","site-post-title":"","ast-breadcrumbs-content":"","ast-featured-img":"","footer-sml-layout":"","theme-transparent-header-meta":"default","adv-header-id-meta":"","stick-header-meta":"","header-above-stick-meta":"","header-main-stick-meta":"","header-below-stick-meta":"","astra-migrate-meta-layouts":"set","ast-page-background-enabled":"default","ast-page-background-meta":{"desktop":{"background-color":"","background-image":"","background-repeat":"repeat","background-position":"center center","background-size":"auto","background-attachment":"scroll","background-type":"","background-media":"","overlay-type":"","overlay-color":"","overlay-opacity":"","overlay-gradient":""},"tablet":{"background-color":"","background-image":"","background-repeat":"repeat","background-position":"center center","background-size":"auto","background-attachment":"scroll","background-type":"","background-media":"","overlay-type":"","overlay-color":"","overlay-opacity":"","overlay-gradient":""},"mobile":{"background-color":"","background-image":"","background-repeat":"repeat","background-position":"center center","background-size":"auto","background-attachment":"scroll","background-type":"","background-media":"","overlay-type":"","overlay-color":"","overlay-opacity":"","overlay-gradient":""}},"ast-content-background-meta":{"desktop":{"background-color":"var(--ast-global-color-5)","background-image":"","background-repeat":"repeat","background-position":"center center","background-size":"auto","background-attachment":"scroll","background-type":"","background-media":"","overlay-type":"","overlay-color":"","overlay-opacity":"","overlay-gradient":""},"tablet":{"background-color":"var(--ast-global-color-5)","background-image":"","background-repeat":"repeat","background-position":"center center","background-size":"auto","background-attachment":"scroll","background-type":"","background-media":"","overlay-type":"","overlay-color":"","overlay-opacity":"","overlay-gradient":""},"mobile":{"background-color":"var(--ast-global-color-5)","background-image":"","background-repeat":"repeat","background-position":"center center","background-size":"auto","background-attachment":"scroll","background-type":"","background-media":"","overlay-type":"","overlay-color":"","overlay-opacity":"","overlay-gradient":""}}},"product_brand":[45],"product_cat":[44],"product_tag":[241,238,229,221,240,237,239],"class_list":{"0":"post-1966","1":"product","2":"type-product","3":"status-publish","4":"has-post-thumbnail","6":"product_brand-ama-fuel-solutions","7":"product_cat-degvielas-tvertnes","8":"product_tag-degvielas-sistemas","9":"product_tag-degvielas-tvertnes","10":"product_tag-degvielas-uzglabasana","11":"product_tag-industrialas-tvertnes","12":"product_tag-konteineru-tvertnes","13":"product_tag-militaras-tvertnes","14":"product_tag-mobilas-tvertnes","15":"desktop-align-center","16":"tablet-align-center","17":"mobile-align-center","19":"first","20":"instock","21":"shipping-taxable","22":"product-type-simple"},"_links":{"self":[{"href":"https:\/\/www.anna-assistance.lv\/en\/wp-json\/wp\/v2\/product\/1966","targetHints":{"allow":["GET"]}}],"collection":[{"href":"https:\/\/www.anna-assistance.lv\/en\/wp-json\/wp\/v2\/product"}],"about":[{"href":"https:\/\/www.anna-assistance.lv\/en\/wp-json\/wp\/v2\/types\/product"}],"version-history":[{"count":3,"href":"https:\/\/www.anna-assistance.lv\/en\/wp-json\/wp\/v2\/product\/1966\/revisions"}],"predecessor-version":[{"id":3321,"href":"https:\/\/www.anna-assistance.lv\/en\/wp-json\/wp\/v2\/product\/1966\/revisions\/3321"}],"wp:featuredmedia":[{"embeddable":true,"href":"https:\/\/www.anna-assistance.lv\/en\/wp-json\/wp\/v2\/media\/1967"}],"wp:attachment":[{"href":"https:\/\/www.anna-assistance.lv\/en\/wp-json\/wp\/v2\/media?parent=1966"}],"wp:term":[{"taxonomy":"product_brand","embeddable":true,"href":"https:\/\/www.anna-assistance.lv\/en\/wp-json\/wp\/v2\/product_brand?post=1966"},{"taxonomy":"product_cat","embeddable":true,"href":"https:\/\/www.anna-assistance.lv\/en\/wp-json\/wp\/v2\/product_cat?post=1966"},{"taxonomy":"product_tag","embeddable":true,"href":"https:\/\/www.anna-assistance.lv\/en\/wp-json\/wp\/v2\/product_tag?post=1966"}],"curies":[{"name":"wp","href":"https:\/\/api.w.org\/{rel}","templated":true}]}}