{"id":1837,"date":"2025-08-18T11:43:44","date_gmt":"2025-08-18T08:43:44","guid":{"rendered":"https:\/\/www.anna-assistance.lv\/?post_type=product&#038;p=1837"},"modified":"2026-04-15T13:33:21","modified_gmt":"2026-04-15T10:33:21","slug":"spider-ecross-x-liner","status":"publish","type":"product","link":"https:\/\/www.anna-assistance.lv\/en\/product\/spider-ecross-x-liner\/","title":{"rendered":"Spider eCROSS X liner"},"content":{"rendered":"<section class=\"text-token-text-primary w-full focus:outline-none [--shadow-height:45px] has-data-writing-block:pointer-events-none has-data-writing-block:-mt-(--shadow-height) has-data-writing-block:pt-(--shadow-height) [&amp;:has([data-writing-block])&gt;*]:pointer-events-auto R6Vx5W_threadScrollVars scroll-mb-[calc(var(--scroll-root-safe-area-inset-bottom,0px)+var(--thread-response-height))] scroll-mt-(--header-height)\" dir=\"auto\" data-turn-id=\"e5646209-b9f2-4a1f-b0fe-db23e61d8f09\" data-testid=\"conversation-turn-53\" data-scroll-anchor=\"false\" data-turn=\"user\"><\/section>\n<section class=\"text-token-text-primary w-full focus:outline-none [--shadow-height:45px] has-data-writing-block:pointer-events-none has-data-writing-block:-mt-(--shadow-height) has-data-writing-block:pt-(--shadow-height) [&amp;:has([data-writing-block])&gt;*]:pointer-events-auto [content-visibility:auto] supports-[content-visibility:auto]:[contain-intrinsic-size:auto_100lvh] R6Vx5W_threadScrollVars scroll-mb-[calc(var(--scroll-root-safe-area-inset-bottom,0px)+var(--thread-response-height))] scroll-mt-[calc(var(--header-height)+min(200px,max(70px,20svh)))]\" dir=\"auto\" data-turn-id=\"request-WEB:dd7bdcc9-9701-47a4-aed7-1534abe70904-28\" data-testid=\"conversation-turn-54\" data-scroll-anchor=\"false\" data-turn=\"assistant\">\n<div class=\"text-base my-auto mx-auto pb-10 [--thread-content-margin:var(--thread-content-margin-xs,calc(var(--spacing)*4))] @w-sm\/main:[--thread-content-margin:var(--thread-content-margin-sm,calc(var(--spacing)*6))] @w-lg\/main:[--thread-content-margin:var(--thread-content-margin-lg,calc(var(--spacing)*16))] px-(--thread-content-margin)\">\n<div class=\"[--thread-content-max-width:40rem] @w-lg\/main:[--thread-content-max-width:48rem] mx-auto max-w-(--thread-content-max-width) flex-1 group\/turn-messages focus-visible:outline-hidden relative flex w-full min-w-0 flex-col agent-turn\">\n<div class=\"flex max-w-full flex-col gap-4 grow\">\n<div class=\"min-h-8 text-message relative flex w-full flex-col items-end gap-2 text-start break-words whitespace-normal outline-none keyboard-focused:focus-ring [.text-message+&amp;]:mt-1\" dir=\"auto\" tabindex=\"0\" data-message-author-role=\"assistant\" data-message-id=\"4fb7e7ae-900b-41f8-8662-a1c551382ecb\" data-message-model-slug=\"gpt-5-3\" data-turn-start-message=\"true\">\n<div class=\"flex w-full flex-col gap-1 empty:hidden\">\n<div class=\"markdown prose dark:prose-invert w-full wrap-break-word light markdown-new-styling\">\n<p data-start=\"0\" data-end=\"560\">Spider eCROSS X Liner ir piln\u012bb\u0101 elektrisks radio vad\u0101ms z\u0101les p\u013c\u0101v\u0113js, kas izstr\u0101d\u0101ts profesion\u0101lai teritoriju kop\u0161anai sare\u017e\u0123\u012btos un st\u0101vos reljefos. \u0160is modelis nodro\u0161ina bezemisiju un klusu darb\u012bbu, padarot to ide\u0101li piem\u0113rotu parkiem, dz\u012bvojamiem rajoniem un cit\u0101m jut\u012bg\u0101m teritorij\u0101m. Spider eCROSS X Liner izce\u013cas ar modernu 4WD piedzi\u0146as sist\u0113mu un vieglu alum\u012bnija konstrukciju, kas nodro\u0161ina augstu stabilit\u0101ti un manevr\u0113tsp\u0113ju. P\u013c\u0101v\u0113js sp\u0113j efekt\u012bvi darboties nog\u0101z\u0113s un nodro\u0161ina augstu produktivit\u0101ti, vienlaikus samazinot ekspluat\u0101cijas izmaksas.<\/p>\n<hr data-start=\"562\" data-end=\"565\" \/>\n<p data-start=\"567\" data-end=\"584\">Galven\u0101s \u012bpa\u0161\u012bbas<\/p>\n<p data-start=\"586\" data-end=\"844\">\u2022 Piln\u012bb\u0101 elektrisks radio vad\u0101ms z\u0101les p\u013c\u0101v\u0113js<br data-start=\"633\" data-end=\"636\" \/>\u2022 Darb\u012bba nog\u0101z\u0113s l\u012bdz 60\u00b0 (ar vin\u010du)<br data-start=\"673\" data-end=\"676\" \/>\u2022 Darb\u012bbas laiks: 5\u20138 stundas<br data-start=\"705\" data-end=\"708\" \/>\u2022 P\u013cau\u0161anas platums: 61 cm<br data-start=\"734\" data-end=\"737\" \/>\u2022 P\u013cau\u0161anas augstums: 4\u201310 cm<br data-start=\"766\" data-end=\"769\" \/>\u2022 Klusa un bezemisiju darb\u012bba<br data-start=\"798\" data-end=\"801\" \/>\u2022 Att\u0101lin\u0101t\u0101 vad\u012bba dro\u0161ai ekspluat\u0101cijai<\/p>\n<hr data-start=\"846\" data-end=\"849\" \/>\n<p data-start=\"851\" data-end=\"863\">Pielietojums<\/p>\n<p data-start=\"865\" data-end=\"1022\">\u2022 Parki un apst\u0101d\u012bjumi<br data-start=\"887\" data-end=\"890\" \/>\u2022 Dz\u012bvojamie rajoni<br data-start=\"909\" data-end=\"912\" \/>\u2022 Nog\u0101zes un sare\u017e\u0123\u012bts reljefs<br data-start=\"942\" data-end=\"945\" \/>\u2022 Rota\u013cu laukumi<br data-start=\"961\" data-end=\"964\" \/>\u2022 Saules pane\u013cu parki<br data-start=\"985\" data-end=\"988\" \/>\u2022 Ekolo\u0123iski jut\u012bgas teritorijas<\/p>\n<hr data-start=\"1024\" data-end=\"1027\" \/>\n<p data-start=\"1029\" data-end=\"1042\">Priek\u0161roc\u012bbas<\/p>\n<p data-start=\"1044\" data-end=\"1257\">\u2022 Videi draudz\u012bga un klusa darb\u012bba<br data-start=\"1078\" data-end=\"1081\" \/>\u2022 Zemas ekspluat\u0101cijas un apkopes izmaksas<br data-start=\"1123\" data-end=\"1126\" \/>\u2022 Dro\u0161\u012bba ar att\u0101lin\u0101to vad\u012bbu<br data-start=\"1156\" data-end=\"1159\" \/>\u2022 Augsta stabilit\u0101te nog\u0101z\u0113s<br data-start=\"1187\" data-end=\"1190\" \/>\u2022 Efekt\u012bva mul\u010d\u0113\u0161anas sist\u0113ma<br data-start=\"1219\" data-end=\"1222\" \/>\u2022 Viegla un iztur\u012bga konstrukcija<\/p>\n<hr data-start=\"1259\" data-end=\"1262\" \/>\n<p data-start=\"1264\" data-end=\"1282\">Papildus funkcijas<\/p>\n<p data-start=\"1284\" data-end=\"1555\">\u2022 360\u00b0 \u010detru rite\u0146u piedzi\u0146as sist\u0113ma<br data-start=\"1321\" data-end=\"1324\" \/>\u2022 Litija-jonu akumulators ar ilgu darb\u012bbas laiku<br data-start=\"1372\" data-end=\"1375\" \/>\u2022 Opcion\u0101la hidraulisk\u0101 vin\u010da st\u0101v\u0101m nog\u0101z\u0113m<br data-start=\"1419\" data-end=\"1422\" \/>\u2022 Pret-skalpo\u0161anas dizains nel\u012bdzenam reljefam<br data-start=\"1468\" data-end=\"1471\" \/>\u2022 Energoefekt\u012bva konstrukcija<br data-start=\"1500\" data-end=\"1503\" \/>\u2022 Alum\u012bnija r\u0101mis ar augstu iztur\u012bbu pret koroziju<\/p>\n<hr data-start=\"1557\" data-end=\"1560\" \/>\n<p data-start=\"1562\" data-end=\"1736\">Spider eCROSS X Liner nodro\u0161ina efekt\u012bvu, dro\u0161u un videi draudz\u012bgu teritoriju kop\u0161anu, \u012bpa\u0161i viet\u0101s, kur nepiecie\u0161ama klusa darb\u012bba un augsta veiktsp\u0113ja sare\u017e\u0123\u012btos apst\u0101k\u013cos.<\/p>\n<\/div>\n<\/div>\n<\/div>\n<\/div>\n<\/div>\n<\/div>\n<\/section>\n","protected":false},"excerpt":{"rendered":"<p><img decoding=\"async\" class=\"alignnone size-full wp-image-1870\" src=\"https:\/\/www.anna-assistance.lv\/wp-content\/uploads\/2025\/08\/imgi_14_menu-title-108.png\" alt=\"\" width=\"187\" height=\"21\" \/><\/p>\n<p>Spider eCROSS X Liner ir elektrisks radio vad\u0101ms z\u0101les p\u013c\u0101v\u0113js profesion\u0101lai nog\u0101\u017eu p\u013cau\u0161anai ar klusu un bezemisiju darb\u012bbu.<\/p>","protected":false},"featured_media":1876,"template":"","meta":{"site-sidebar-layout":"default","site-content-layout":"","ast-site-content-layout":"default","site-content-style":"default","site-sidebar-style":"default","ast-global-header-display":"","ast-banner-title-visibility":"","ast-main-header-display":"","ast-hfb-above-header-display":"","ast-hfb-below-header-display":"","ast-hfb-mobile-header-display":"","site-post-title":"","ast-breadcrumbs-content":"","ast-featured-img":"","footer-sml-layout":"","theme-transparent-header-meta":"default","adv-header-id-meta":"","stick-header-meta":"","header-above-stick-meta":"","header-main-stick-meta":"","header-below-stick-meta":"","astra-migrate-meta-layouts":"set","ast-page-background-enabled":"default","ast-page-background-meta":{"desktop":{"background-color":"","background-image":"","background-repeat":"repeat","background-position":"center center","background-size":"auto","background-attachment":"scroll","background-type":"","background-media":"","overlay-type":"","overlay-color":"","overlay-opacity":"","overlay-gradient":""},"tablet":{"background-color":"","background-image":"","background-repeat":"repeat","background-position":"center center","background-size":"auto","background-attachment":"scroll","background-type":"","background-media":"","overlay-type":"","overlay-color":"","overlay-opacity":"","overlay-gradient":""},"mobile":{"background-color":"","background-image":"","background-repeat":"repeat","background-position":"center center","background-size":"auto","background-attachment":"scroll","background-type":"","background-media":"","overlay-type":"","overlay-color":"","overlay-opacity":"","overlay-gradient":""}},"ast-content-background-meta":{"desktop":{"background-color":"var(--ast-global-color-5)","background-image":"","background-repeat":"repeat","background-position":"center center","background-size":"auto","background-attachment":"scroll","background-type":"","background-media":"","overlay-type":"","overlay-color":"","overlay-opacity":"","overlay-gradient":""},"tablet":{"background-color":"var(--ast-global-color-5)","background-image":"","background-repeat":"repeat","background-position":"center center","background-size":"auto","background-attachment":"scroll","background-type":"","background-media":"","overlay-type":"","overlay-color":"","overlay-opacity":"","overlay-gradient":""},"mobile":{"background-color":"var(--ast-global-color-5)","background-image":"","background-repeat":"repeat","background-position":"center center","background-size":"auto","background-attachment":"scroll","background-type":"","background-media":"","overlay-type":"","overlay-color":"","overlay-opacity":"","overlay-gradient":""}}},"product_brand":[38],"product_cat":[104,37],"product_tag":[269,266,178,267,275,274,270],"class_list":{"0":"post-1837","1":"product","2":"type-product","3":"status-publish","4":"has-post-thumbnail","6":"product_brand-spider","7":"product_cat-komunala-tehnika","8":"product_cat-talvadibas-zales-plaveji","9":"product_tag-bezemisiju-plavejs","10":"product_tag-elektrisks-zales-plavejs","11":"product_tag-nogazu-plavejs","12":"product_tag-profesionals-plavejs","13":"product_tag-radio-vadams-plavejs","14":"product_tag-spider-ecross-x-liner","15":"product_tag-talvadibas-plavejs","16":"desktop-align-center","17":"tablet-align-center","18":"mobile-align-center","20":"first","21":"instock","22":"shipping-taxable","23":"product-type-simple"},"_links":{"self":[{"href":"https:\/\/www.anna-assistance.lv\/en\/wp-json\/wp\/v2\/product\/1837","targetHints":{"allow":["GET"]}}],"collection":[{"href":"https:\/\/www.anna-assistance.lv\/en\/wp-json\/wp\/v2\/product"}],"about":[{"href":"https:\/\/www.anna-assistance.lv\/en\/wp-json\/wp\/v2\/types\/product"}],"version-history":[{"count":5,"href":"https:\/\/www.anna-assistance.lv\/en\/wp-json\/wp\/v2\/product\/1837\/revisions"}],"predecessor-version":[{"id":3337,"href":"https:\/\/www.anna-assistance.lv\/en\/wp-json\/wp\/v2\/product\/1837\/revisions\/3337"}],"wp:featuredmedia":[{"embeddable":true,"href":"https:\/\/www.anna-assistance.lv\/en\/wp-json\/wp\/v2\/media\/1876"}],"wp:attachment":[{"href":"https:\/\/www.anna-assistance.lv\/en\/wp-json\/wp\/v2\/media?parent=1837"}],"wp:term":[{"taxonomy":"product_brand","embeddable":true,"href":"https:\/\/www.anna-assistance.lv\/en\/wp-json\/wp\/v2\/product_brand?post=1837"},{"taxonomy":"product_cat","embeddable":true,"href":"https:\/\/www.anna-assistance.lv\/en\/wp-json\/wp\/v2\/product_cat?post=1837"},{"taxonomy":"product_tag","embeddable":true,"href":"https:\/\/www.anna-assistance.lv\/en\/wp-json\/wp\/v2\/product_tag?post=1837"}],"curies":[{"name":"wp","href":"https:\/\/api.w.org\/{rel}","templated":true}]}}