{"id":1275,"date":"2025-05-13T12:00:28","date_gmt":"2025-05-13T12:00:28","guid":{"rendered":"https:\/\/www.anna-assistance.lv\/?page_id=1275"},"modified":"2025-05-13T12:00:28","modified_gmt":"2025-05-13T12:00:28","slug":"sikdatnu-cookies-izmantosanas-politika","status":"publish","type":"page","link":"https:\/\/www.anna-assistance.lv\/en\/sikdatnu-cookies-izmantosanas-politika\/","title":{"rendered":"S\u012bkdat\u0146u (cookies) izmanto\u0161anas politika"},"content":{"rendered":"<p>S\u012bkdatnes ir nelielas teksta datnes, ko t\u012bmek\u013ca vietne saglab\u0101 j\u016bsu dator\u0101 vai mobilaj\u0101 ier\u012bc\u0113, kad j\u016bs apmekl\u0113jat m\u016bsu m\u0101jaslapu. Katr\u0101 n\u0101kamaj\u0101 apmekl\u0113juma reiz\u0113 s\u012bkdatnes tiek nos\u016bt\u012btas atpaka\u013c uz izcelsmes vietni vai tre\u0161\u0101s puses vietni, kas atpaz\u012bst attiec\u012bgo s\u012bkdatni. S\u012bkdatnes tostarp \u013cauj vietnei atcer\u0113ties lietot\u0101ja izv\u0113l\u0113tos iestat\u012bjumus n\u0101kamaj\u0101s apmekl\u0113juma reiz\u0113s, lai katru reizi tie neb\u016btu j\u0101nor\u0101da no jauna. S\u012bkdatnes netiek izmantotas, lai j\u016bs personiski identific\u0113tu.<\/p>\n\n\n\n<p>\u0160aj\u0101 politik\u0101 ir aprakst\u012bta s\u012bkdat\u0146u izmanto\u0161ana \u0161\u0101d\u0101s m\u0101jaslap\u0101s:<br>a)&nbsp;<a href=\"https:\/\/www.anna-assistance.lv\/en\/\">www.anna-assistance.lv<\/a>,<br>k\u0101 ar\u012b SIA \u201eAnna Assistance\u201d interneta resursos, nor\u0101d\u012bti s\u012bkdat\u0146u lieto\u0161anas m\u0113r\u0137i, k\u0101 ar\u012b lietot\u0101ju ties\u012bbas main\u012bt un izv\u0113l\u0113ties s\u012bkdat\u0146u lieto\u0161anu. S\u012bkdatnes pal\u012bdz uzlabot m\u0101jaslapu un nodro\u0161in\u0101t lab\u0101ku un personaliz\u0113t\u0101ku pakalpojumu snieg\u0161anu.<\/p>\n\n\n\n<p>Tiek izmantotas vair\u0101ku veidu s\u012bkdatnes (past\u0101v\u012bg\u0101s un sesijas). T\u0101s at\u0161\u0137iras ar izmanto\u0161anas m\u0113r\u0137iem un glab\u0101\u0161anas ilgumu. S\u012bkdatnes var tikt aktualiz\u0113tas un piel\u0101gotas pakalpojumu snieg\u0161anas kvalit\u0101tes uzlabo\u0161anas vajadz\u012bb\u0101m. Tiek izmantotas \u0161\u0101das s\u012bkdatnes:<br>I. Facebook s\u012bkdatnes: Facebook Pixel r\u012bks, kas uzst\u0101d\u012bts \u0161aj\u0101 m\u0101jaslap\u0101, attiecas tie\u0161i uz tiem m\u0101jaslapas apmekl\u0113t\u0101jiem, kas lieto ar\u012b Facebook pakalpojumus, jo \u0161\u012bs s\u012bkdatnes nodro\u0161ina Facebook t\u012bkl\u0101 redzamo rekl\u0101mu un satura piel\u0101go\u0161anu atbilsto\u0161i ier\u012bces un interneta p\u0101rl\u016bka lietot\u0101ja interes\u0113m. Atteikties no Facebook s\u012bkdatn\u0113m un ieg\u016bt s\u012bk\u0101ku inform\u0101ciju par t\u0101m iesp\u0113jams \u0161eit:&nbsp;<a href=\"http:\/\/www.facebook.com\/ads\/settings\" target=\"_blank\" rel=\"noreferrer noopener\">http:\/\/www.facebook.com\/ads\/settings<\/a><br>II. Google Analytics: Google Analytics s\u012bkdatnes, kas tiek izmantotas \u0161aj\u0101 m\u0101jaslap\u0101, \u013cauj m\u0101jaslapas uztur\u0113t\u0101jam ieg\u016bt inform\u0101ciju par vietnes izmanto\u0161anu un apmekl\u0113jumiem, lai b\u016btu iesp\u0113jams analiz\u0113t lietot\u0101ju paradumus un m\u0101jaslapas tr\u016bkumus. J\u016bsu apmekl\u0113juma laik\u0101 tiek ieg\u016bta IP adrese un anon\u012bma inform\u0101cija par J\u016bsu veiktaj\u0101m darb\u012bb\u0101m m\u0101jaslap\u0101 \u2013 pirms \u0161\u012bs inform\u0101cijas nos\u016bt\u012b\u0161anas Google, J\u016bsu IP adrese tiek anonimiz\u0113ta. Instal\u0113jot Google Analytics Opt-out Browser Add-on r\u012bku, iesp\u0113jams no \u0161\u012bm s\u012bkdatn\u0113m atteikties un to iesp\u0113jams izdar\u012bt \u0161eit:&nbsp;<a href=\"http:\/\/tools.google.com\/dlpage\/gaoptout?hl=en\" target=\"_blank\" rel=\"noreferrer noopener\">http:\/\/tools.google.com\/dlpage\/gaoptout?hl=en<\/a><br>III. Google Adwords: Google Adwords s\u012bkdatnes, kas tiek izmantotas \u0161aj\u0101 m\u0101jaslap\u0101, nodro\u0161ina atk\u0101rtot\u0101 m\u0101rketinga jeb rem\u0101rketinga funkcijas, kas \u013cauj mums atg\u0101din\u0101t saviem apmekl\u0113t\u0101jiem par liet\u0101m (pakalpojumiem vai prec\u0113m), kas rad\u012bju\u0161as vi\u0146iem interesi. Tas noz\u012bm\u0113, ka piekr\u012btot Adwords s\u012bkdat\u0146u lieto\u0161anai, J\u016bs tre\u0161o personu vietn\u0113s un Google rekl\u0101mas t\u012bkl\u0101 redz\u0113siet uz J\u016bsu interes\u0113m balst\u012btas rekl\u0101mas no m\u016bsu m\u0101jaslapas. S\u012bk\u0101ku inform\u0101ciju par to, k\u0101 atteikties no konkr\u0113t\u0101m rekl\u0101m\u0101m vai vis\u0101m AdWords rekl\u0101m\u0101m, J\u016bs varat atrast \u0161eit:&nbsp;<a href=\"http:\/\/support.google.com\/ads\/answer\/2662922?hl=lv\" target=\"_blank\" rel=\"noreferrer noopener\">http:\/\/support.google.com\/ads\/answer\/2662922?hl=lv<\/a><\/p>\n\n\n\n<p>Visp\u0101r\u0113jie s\u012bkdat\u0146u lieto\u0161anas m\u0113r\u0137i ir \u0161\u0101di:<br>1) Tehnisk\u0101s s\u012bkdatnes ir izstr\u0101d\u0101tas m\u0101jaslapas kvalitat\u012bvai funkcion\u0113\u0161anai un lietot\u0101ju \u0113rt\u012bb\u0101m, lai J\u016bs var\u0113tu piesl\u0113gties savam kontam un m\u0101jaslapas darb\u012bba notiktu bez sare\u017e\u0123\u012bjumiem.<br>2) Funkcion\u0101l\u0101s s\u012bkdatnes ir izstr\u0101d\u0101tas, lai padar\u012btu m\u0101jaslapas apmekl\u0113\u0161anu lietot\u0101jiem \u0113rt\u0101ku \u2013 piem\u0113ram, atceroties Jums v\u0113lamo m\u0101jaslapas valodu, interes\u0113jo\u0161os pakalpojumus vai preces un citas lietas, kas padara m\u0101jaslapas lieto\u0161anu \u0101tr\u0101ku un ilgtermi\u0146\u0101 \u0113rt\u0101ku.<br>3) Anal\u012btisk\u0101s s\u012bkdatnes ir izstr\u0101d\u0101tas, lai m\u0113s g\u016btu priek\u0161statu par savu apmekl\u0113t\u0101ju aktivit\u0101t\u0113m m\u016bsu m\u0101jaslap\u0101, kas \u013cauj mums uzzin\u0101t vietnes plusus un m\u012bnusus, k\u0101 ar\u012b to, ko nepiecie\u0161ams main\u012bt m\u0101jaslapas satur\u0101 vai tehniskajos risin\u0101jumos.<br>4) Anal\u012btisk\u0101s s\u012bkdatnes \u013cauj iev\u0101kt inform\u0101ciju par J\u016bsu izmantoto interneta p\u0101rl\u016bku, klik\u0161\u0137u skaitu m\u0101jaslap\u0101, m\u0101jaslapu, no kuras esat p\u0101rn\u0101cis uz m\u016bsu m\u0101jaslapu, ievad\u012btos atsl\u0113gas v\u0101rdus un datumu un laiku, kad tas veikts. Ieg\u016bt\u0101 inform\u0101cija ir piln\u012bgi anon\u012bma un netiek saist\u012bta ar konkr\u0113tu cilv\u0113ku. Inform\u0101cija tiek izmantota tirgus izp\u0113tei, m\u0101jaslapas uzlabo\u0161anai, kampa\u0146u pl\u0101no\u0161anai un lietot\u0101ju r\u012bc\u012bbas analiz\u0113\u0161anai.<br>5) Rekl\u0101mas s\u012bkdatnes ir izstr\u0101d\u0101tas, lai J\u016bs sa\u0146emtu personaliz\u0113tas rekl\u0101mas m\u016bsu m\u0101jaslap\u0101 un cit\u0101s vietn\u0113s. Rekl\u0101mas jeb komerci\u0101l\u0101s s\u012bkdatnes nodro\u0161ina to, ka J\u016bs interneta vid\u0113 sa\u0146emat pied\u0101v\u0101jumus, kas ir balst\u012bti uz J\u016bsu interes\u0113m un veiktaj\u0101m aktivit\u0101t\u0113m.<\/p>\n\n\n\n<p>Ieg\u016btos datus izmanto m\u016bsu m\u0101jaslapas uztur\u0113t\u0101js un Google, kas ieg\u016bst anon\u012bmus datus un tie netiek sasaist\u012bti ne ar konkr\u0113tu personu, ne ar konkr\u0113tu IP adresi. Google Analytics datu dro\u0161\u012bbu apliecina ISO 27001 sertifik\u0101ts un ASV un ES priv\u0101tuma vairoga regul\u0113jums. S\u012bk\u0101k par to var las\u012bt \u0161eit:&nbsp;<a href=\"http:\/\/support.google.com\/analytics\/topic\/2919631\" target=\"_blank\" rel=\"noreferrer noopener\">http:\/\/support.google.com\/analytics\/topic\/2919631<\/a><\/p>\n\n\n\n<p>Ja v\u0113laties izdz\u0113st visus dator\u0101 jau saglab\u0101tos s\u012bkdatnes vai p\u0101rtraukt s\u012bkdatnes, kuri seko j\u016bsu darb\u012bbas veidiem m\u0101jaslap\u0101, j\u016bs to varat izdar\u012bt, dz\u0113\u0161ot eso\u0161\u0101s s\u012bkdatnes un\/vai mainot p\u0101rl\u016bkprogrammas konfidencialit\u0101tes iestat\u012bjumus, lai blo\u0137\u0113tu s\u012bkdatnes (process, k\u0101 tas tiek dar\u012bts, at\u0161\u0137iras no p\u0101rl\u016bka uz p\u0101rl\u016bku). Ja v\u0113laties sa\u0146emt vair\u0101k inform\u0101cijas par to, k\u0101 to izdar\u012bt, apmekl\u0113jiet m\u0101jaslapu&nbsp;<a href=\"http:\/\/www.allaboutcookies.org\/\" target=\"_blank\" rel=\"noreferrer noopener\">www.allaboutcookies.org<\/a>.<\/p>","protected":false},"excerpt":{"rendered":"<p>S\u012bkdatnes ir nelielas teksta datnes, ko t\u012bmek\u013ca vietne saglab\u0101 j\u016bsu dator\u0101 vai mobilaj\u0101 ier\u012bc\u0113, kad j\u016bs apmekl\u0113jat m\u016bsu m\u0101jaslapu. Katr\u0101 n\u0101kamaj\u0101 apmekl\u0113juma reiz\u0113 s\u012bkdatnes tiek nos\u016bt\u012btas atpaka\u013c uz izcelsmes vietni vai tre\u0161\u0101s puses vietni, kas atpaz\u012bst attiec\u012bgo s\u012bkdatni. S\u012bkdatnes tostarp \u013cauj vietnei atcer\u0113ties lietot\u0101ja izv\u0113l\u0113tos iestat\u012bjumus n\u0101kamaj\u0101s apmekl\u0113juma reiz\u0113s, lai katru reizi tie neb\u016btu j\u0101nor\u0101da [&hellip;]<\/p>\n","protected":false},"author":1,"featured_media":0,"parent":0,"menu_order":0,"comment_status":"closed","ping_status":"closed","template":"","meta":{"site-sidebar-layout":"default","site-content-layout":"","ast-site-content-layout":"default","site-content-style":"default","site-sidebar-style":"default","ast-global-header-display":"","ast-banner-title-visibility":"","ast-main-header-display":"","ast-hfb-above-header-display":"","ast-hfb-below-header-display":"","ast-hfb-mobile-header-display":"","site-post-title":"","ast-breadcrumbs-content":"","ast-featured-img":"","footer-sml-layout":"","theme-transparent-header-meta":"","adv-header-id-meta":"","stick-header-meta":"","header-above-stick-meta":"","header-main-stick-meta":"","header-below-stick-meta":"","astra-migrate-meta-layouts":"set","ast-page-background-enabled":"default","ast-page-background-meta":{"desktop":{"background-color":"","background-image":"","background-repeat":"repeat","background-position":"center center","background-size":"auto","background-attachment":"scroll","background-type":"","background-media":"","overlay-type":"","overlay-color":"","overlay-opacity":"","overlay-gradient":""},"tablet":{"background-color":"","background-image":"","background-repeat":"repeat","background-position":"center center","background-size":"auto","background-attachment":"scroll","background-type":"","background-media":"","overlay-type":"","overlay-color":"","overlay-opacity":"","overlay-gradient":""},"mobile":{"background-color":"","background-image":"","background-repeat":"repeat","background-position":"center center","background-size":"auto","background-attachment":"scroll","background-type":"","background-media":"","overlay-type":"","overlay-color":"","overlay-opacity":"","overlay-gradient":""}},"ast-content-background-meta":{"desktop":{"background-color":"var(--ast-global-color-5)","background-image":"","background-repeat":"repeat","background-position":"center center","background-size":"auto","background-attachment":"scroll","background-type":"","background-media":"","overlay-type":"","overlay-color":"","overlay-opacity":"","overlay-gradient":""},"tablet":{"background-color":"var(--ast-global-color-5)","background-image":"","background-repeat":"repeat","background-position":"center center","background-size":"auto","background-attachment":"scroll","background-type":"","background-media":"","overlay-type":"","overlay-color":"","overlay-opacity":"","overlay-gradient":""},"mobile":{"background-color":"var(--ast-global-color-5)","background-image":"","background-repeat":"repeat","background-position":"center center","background-size":"auto","background-attachment":"scroll","background-type":"","background-media":"","overlay-type":"","overlay-color":"","overlay-opacity":"","overlay-gradient":""}},"footnotes":""},"class_list":["post-1275","page","type-page","status-publish","hentry"],"_links":{"self":[{"href":"https:\/\/www.anna-assistance.lv\/en\/wp-json\/wp\/v2\/pages\/1275","targetHints":{"allow":["GET"]}}],"collection":[{"href":"https:\/\/www.anna-assistance.lv\/en\/wp-json\/wp\/v2\/pages"}],"about":[{"href":"https:\/\/www.anna-assistance.lv\/en\/wp-json\/wp\/v2\/types\/page"}],"author":[{"embeddable":true,"href":"https:\/\/www.anna-assistance.lv\/en\/wp-json\/wp\/v2\/users\/1"}],"replies":[{"embeddable":true,"href":"https:\/\/www.anna-assistance.lv\/en\/wp-json\/wp\/v2\/comments?post=1275"}],"version-history":[{"count":1,"href":"https:\/\/www.anna-assistance.lv\/en\/wp-json\/wp\/v2\/pages\/1275\/revisions"}],"predecessor-version":[{"id":1276,"href":"https:\/\/www.anna-assistance.lv\/en\/wp-json\/wp\/v2\/pages\/1275\/revisions\/1276"}],"wp:attachment":[{"href":"https:\/\/www.anna-assistance.lv\/en\/wp-json\/wp\/v2\/media?parent=1275"}],"curies":[{"name":"wp","href":"https:\/\/api.w.org\/{rel}","templated":true}]}}